{"id":1892,"date":"2017-03-15T12:36:06","date_gmt":"2017-03-15T11:36:06","guid":{"rendered":"http:\/\/mapesol.fr\/en\/actualites\/"},"modified":"2018-09-10T18:56:05","modified_gmt":"2018-09-10T17:56:05","slug":"actualites","status":"publish","type":"page","link":"https:\/\/mapesol.fr\/en\/actualites\/","title":{"rendered":"News"},"content":{"rendered":"[vc_row row_type=&#8221;row&#8221; text_align=&#8221;left&#8221; css_animation=&#8221;&#8221;][vc_column][vc_empty_space height=&#8221;32&#8243;][layerslider_vc id=&#8221;35&#8243;][\/vc_column][\/vc_row][vc_row row_type=&#8221;row&#8221; text_align=&#8221;left&#8221; css_animation=&#8221;&#8221;][vc_column][vc_empty_space height=&#8221;50&#8243;][\/vc_column][\/vc_row][vc_row row_type=&#8221;row&#8221; text_align=&#8221;left&#8221; css_animation=&#8221;&#8221;][vc_column][vc_column_text css=&#8221;.vc_custom_1536601636515{margin-bottom: 10px !important;}&#8221;]<span style=\"color: #65b9ba;\"><strong>Editor :<\/strong> MAPESOL, <span lang=\"EN-GB\">March 2017<\/span><\/span>[\/vc_column_text][\/vc_column][\/vc_row][vc_row row_type=&#8221;section&#8221; type=&#8221;grid&#8221; text_align=&#8221;left&#8221; video=&#8221;&#8221; background_color=&#8221;#f4f4f4&#8243; css=&#8221;.vc_custom_1490821490849{margin-bottom: 15px !important;}&#8221;][vc_column width=&#8221;1\/4&#8243;][vc_single_image image=&#8221;1121&#8243; img_size=&#8221;large&#8221; css_animation=&#8221;none&#8221;][\/vc_column][vc_column width=&#8221;3\/4&#8243;][vc_column_text css=&#8221;.vc_custom_1536601534273{margin-bottom: 10px !important;}&#8221;]\n<h1><span style=\"color: #0083ab;\">MAPESOL <span lang=\"EN-GB\">launches its new MSlog V2 software<\/span><\/span><\/h1>\n[\/vc_column_text][vc_column_text]<span lang=\"EN-GB\">At the beginning of 2017<\/span>, <span lang=\"EN-GB\">MAPESOL launched its new MSlog V2 software for constant energy penetrometers equipped with the BSbox data acquisition system. This software is the same as that used for the new MS4 variable energy penetrometer! It replaces the old version of MSlog developed a few years ago.<br \/>\nThis is not an update, it really is a new version. Building on this solid foundation, updates will be available soon to integrate new functions.<br \/>\nIf you use MSbox or MS4 systems, go to the product page to download the latest version of MSlog<\/span>\u00a0<span style=\"color: #0083ab;\"><a style=\"color: #0083ab;\" href=\"http:\/\/mapesol.fr\/en\/mslog\/\">by clicking here\u00a0!<\/a><\/span>[\/vc_column_text][\/vc_column][\/vc_row][vc_row row_type=&#8221;row&#8221; text_align=&#8221;left&#8221; css_animation=&#8221;&#8221;][vc_column][vc_separator type=&#8221;normal&#8221;][vc_column_text css=&#8221;.vc_custom_1536601625680{margin-bottom: 10px !important;}&#8221;]<span style=\"color: #65b9ba;\"><strong>Editor :<\/strong> MAPESOL, March 2017<\/span>[\/vc_column_text][\/vc_column][\/vc_row][vc_row row_type=&#8221;section&#8221; type=&#8221;grid&#8221; text_align=&#8221;left&#8221; video=&#8221;&#8221; background_color=&#8221;#f4f4f4&#8243;][vc_column width=&#8221;1\/4&#8243;][vc_single_image image=&#8221;1325&#8243; img_size=&#8221;large&#8221; onclick=&#8221;custom_link&#8221; link=&#8221;http:\/\/mapesol.fr\/wp-content\/uploads\/2017\/03\/ms4-03.jpg&#8221;][\/vc_column][vc_column width=&#8221;3\/4&#8243;][vc_column_text css=&#8221;.vc_custom_1536601653863{margin-bottom: 10px !important;}&#8221;]\n<h1><span style=\"color: #0083ab;\">MS4 Penetrometer<br \/>\n<\/span><\/h1>\n[\/vc_column_text][vc_column_text]<a name=\"OLE_LINK14\"><\/a><span lang=\"EN-GB\">The end of December also saw several deliveries of our new MS4 penetrometer! The MS4 is a portable variable energy penetrometer. It consists of a data acquisition system with all-new software for processing data and compiling reports.<br \/>\nTo go to the MS4 <\/span>,\u00a0<a style=\"color: #0083ab;\" href=\"http:\/\/www.mapesol.fr\/en\/ms4\/\">click here<\/a>[\/vc_column_text][\/vc_column][\/vc_row][vc_row row_type=&#8221;row&#8221; text_align=&#8221;left&#8221; css_animation=&#8221;&#8221;][vc_column][vc_separator type=&#8221;normal&#8221;][vc_column_text css=&#8221;.vc_custom_1536602067618{margin-bottom: 10px !important;}&#8221;]<span style=\"color: #65b9ba;\"><strong>Editor :<\/strong> MAPESOL, March 2017<\/span>[\/vc_column_text][\/vc_column][\/vc_row][vc_row row_type=&#8221;section&#8221; type=&#8221;grid&#8221; text_align=&#8221;left&#8221; video=&#8221;&#8221; background_color=&#8221;#f4f4f4&#8243;][vc_column width=&#8221;1\/4&#8243;][vc_single_image image=&#8221;1408&#8243; img_size=&#8221;large&#8221; onclick=&#8221;custom_link&#8221; link=&#8221;http:\/\/mapesol.fr\/wp-content\/uploads\/2017\/03\/stock-sedidrill.jpg&#8221;][\/vc_column][vc_column width=&#8221;3\/4&#8243;][vc_column_text css=&#8221;.vc_custom_1536602088441{margin-bottom: 10px !important;}&#8221;]\n<h1><span style=\"color: #0083ab;\">MAPESOL <span lang=\"EN-GB\">buys penetrometer business from Sedidrill<\/span><br \/>\n<\/span><\/h1>\n[\/vc_column_text][vc_column_text]<span lang=\"EN-GB\">On 8 December 2016, MAPESOL bought the penetrometer business from Sedidrill.<br \/>\nOn 9 December, the two semi trailers arrived at the new site in Salon-de-Provence to ensure the first delivery on Monday 12 December<\/span>[\/vc_column_text][\/vc_column][\/vc_row][vc_row row_type=&#8221;row&#8221; text_align=&#8221;left&#8221; css_animation=&#8221;&#8221;][vc_column][vc_separator type=&#8221;normal&#8221;][vc_column_text css=&#8221;.vc_custom_1536602125139{margin-bottom: 10px !important;}&#8221;]<span style=\"color: #65b9ba;\"><strong>Editor :<\/strong> MAPESOL, March 2017<\/span>[\/vc_column_text][\/vc_column][\/vc_row][vc_row row_type=&#8221;section&#8221; type=&#8221;grid&#8221; text_align=&#8221;left&#8221; video=&#8221;&#8221; background_color=&#8221;#f4f4f4&#8243;][vc_column width=&#8221;1\/4&#8243;][vc_single_image image=&#8221;1410&#8243; img_size=&#8221;large&#8221; onclick=&#8221;custom_link&#8221; link=&#8221;http:\/\/mapesol.fr\/wp-content\/uploads\/2017\/03\/local-accueil-3.jpg&#8221;][\/vc_column][vc_column width=&#8221;3\/4&#8243;][vc_column_text css=&#8221;.vc_custom_1536602143758{margin-bottom: 10px !important;}&#8221;]\n<h1><span style=\"color: #0083ab;\">MAPESOL <span lang=\"EN-GB\">moves into its new premises<\/span><br \/>\n<\/span><\/h1>\n[\/vc_column_text][vc_column_text]<a name=\"OLE_LINK17\"><\/a><span lang=\"EN-GB\">September 2016, MAPESOL moves into its new premises in Salon-de-Provence.<br \/>\nThey comprise an office for the future team and a 300m\u00b2 workshop.<\/span>[\/vc_column_text][\/vc_column][\/vc_row][vc_row row_type=&#8221;row&#8221; text_align=&#8221;left&#8221; css_animation=&#8221;&#8221;][vc_column][vc_empty_space height=&#8221;50&#8243;][\/vc_column][\/vc_row][vc_row row_type=&#8221;row&#8221; text_align=&#8221;left&#8221; css_animation=&#8221;&#8221;][vc_column][layerslider_vc id=&#8221;7&#8243;][\/vc_column][\/vc_row]\n","protected":false},"excerpt":{"rendered":"<p>[vc_row row_type=&#8221;row&#8221; text_align=&#8221;left&#8221; css_animation=&#8221;&#8221;][vc_column][vc_empty_space height=&#8221;32&#8243;][layerslider_vc id=&#8221;35&#8243;][\/vc_column][\/vc_row][vc_row row_type=&#8221;row&#8221; text_align=&#8221;left&#8221; css_animation=&#8221;&#8221;][vc_column][vc_empty_space height=&#8221;50&#8243;][\/vc_column][\/vc_row][vc_row row_type=&#8221;row&#8221; text_align=&#8221;left&#8221; css_animation=&#8221;&#8221;][vc_column][vc_column_text css=&#8221;.vc_custom_1536601636515{margin-bottom: 10px !important;}&#8221;]Editor : MAPESOL, March 2017[\/vc_column_text][\/vc_column][\/vc_row][vc_row row_type=&#8221;section&#8221; type=&#8221;grid&#8221; text_align=&#8221;left&#8221; video=&#8221;&#8221; background_color=&#8221;#f4f4f4&#8243; css=&#8221;.vc_custom_1490821490849{margin-bottom: 15px !important;}&#8221;][vc_column width=&#8221;1\/4&#8243;][vc_single_image image=&#8221;1121&#8243; img_size=&#8221;large&#8221; css_animation=&#8221;none&#8221;][\/vc_column][vc_column width=&#8221;3\/4&#8243;][vc_column_text css=&#8221;.vc_custom_1536601534273{margin-bottom: 10px !important;}&#8221;] MAPESOL launches its new&#8230;<\/p>\n","protected":false},"author":1,"featured_media":0,"parent":0,"menu_order":0,"comment_status":"closed","ping_status":"closed","template":"","meta":{"footnotes":""},"yoast_head":"<!-- This site is optimized with the Yoast SEO plugin v23.5 - https:\/\/yoast.com\/wordpress\/plugins\/seo\/ -->\n<title>News et actualit\u00e9s Mapesol - P\u00e9n\u00e9trom\u00e8tre, acquisition, logiciel et mat\u00e9riel<\/title>\n<meta name=\"description\" content=\"Retrouvez toute notre actualit\u00e9 et nouveaut\u00e9s sur notre page, sortie des nouvelles versions de nos logiciels et \u00e9volution de nos syst\u00e8mes d&#039;acquisition.\" \/>\n<meta name=\"robots\" content=\"index, follow, max-snippet:-1, max-image-preview:large, max-video-preview:-1\" \/>\n<link rel=\"canonical\" href=\"https:\/\/mapesol.fr\/en\/actualites\/\" \/>\n<meta property=\"og:locale\" content=\"en_US\" \/>\n<meta property=\"og:type\" content=\"article\" \/>\n<meta property=\"og:title\" content=\"News et actualit\u00e9s Mapesol - P\u00e9n\u00e9trom\u00e8tre, acquisition, logiciel et mat\u00e9riel\" \/>\n<meta property=\"og:description\" content=\"Retrouvez toute notre actualit\u00e9 et nouveaut\u00e9s sur notre page, sortie des nouvelles versions de nos logiciels et \u00e9volution de nos syst\u00e8mes d&#039;acquisition.\" \/>\n<meta property=\"og:url\" content=\"https:\/\/mapesol.fr\/en\/actualites\/\" \/>\n<meta property=\"og:site_name\" content=\"Mapesol\" \/>\n<meta property=\"article:modified_time\" content=\"2018-09-10T17:56:05+00:00\" \/>\n<meta name=\"twitter:card\" content=\"summary_large_image\" \/>\n<meta name=\"twitter:label1\" content=\"Est. reading time\" \/>\n\t<meta name=\"twitter:data1\" content=\"3 minutes\" \/>\n<script type=\"application\/ld+json\" class=\"yoast-schema-graph\">{\"@context\":\"https:\/\/schema.org\",\"@graph\":[{\"@type\":\"WebPage\",\"@id\":\"https:\/\/mapesol.fr\/en\/actualites\/\",\"url\":\"https:\/\/mapesol.fr\/en\/actualites\/\",\"name\":\"News et actualit\u00e9s Mapesol - P\u00e9n\u00e9trom\u00e8tre, acquisition, logiciel et mat\u00e9riel\",\"isPartOf\":{\"@id\":\"https:\/\/mapesol.fr\/#website\"},\"datePublished\":\"2017-03-15T11:36:06+00:00\",\"dateModified\":\"2018-09-10T17:56:05+00:00\",\"description\":\"Retrouvez toute notre actualit\u00e9 et nouveaut\u00e9s sur notre page, sortie des nouvelles versions de nos logiciels et \u00e9volution de nos syst\u00e8mes d'acquisition.\",\"breadcrumb\":{\"@id\":\"https:\/\/mapesol.fr\/en\/actualites\/#breadcrumb\"},\"inLanguage\":\"en-US\",\"potentialAction\":[{\"@type\":\"ReadAction\",\"target\":[\"https:\/\/mapesol.fr\/en\/actualites\/\"]}]},{\"@type\":\"BreadcrumbList\",\"@id\":\"https:\/\/mapesol.fr\/en\/actualites\/#breadcrumb\",\"itemListElement\":[{\"@type\":\"ListItem\",\"position\":1,\"name\":\"Accueil\",\"item\":\"https:\/\/mapesol.fr\/en\/\"},{\"@type\":\"ListItem\",\"position\":2,\"name\":\"News\"}]},{\"@type\":\"WebSite\",\"@id\":\"https:\/\/mapesol.fr\/#website\",\"url\":\"https:\/\/mapesol.fr\/\",\"name\":\"Mapesol\",\"description\":false,\"potentialAction\":[{\"@type\":\"SearchAction\",\"target\":{\"@type\":\"EntryPoint\",\"urlTemplate\":\"https:\/\/mapesol.fr\/?s={search_term_string}\"},\"query-input\":{\"@type\":\"PropertyValueSpecification\",\"valueRequired\":true,\"valueName\":\"search_term_string\"}}],\"inLanguage\":\"en-US\"}]}<\/script>\n<!-- \/ Yoast SEO plugin. -->","yoast_head_json":{"title":"News et actualit\u00e9s Mapesol - P\u00e9n\u00e9trom\u00e8tre, acquisition, logiciel et mat\u00e9riel","description":"Retrouvez toute notre actualit\u00e9 et nouveaut\u00e9s sur notre page, sortie des nouvelles versions de nos logiciels et \u00e9volution de nos syst\u00e8mes d'acquisition.","robots":{"index":"index","follow":"follow","max-snippet":"max-snippet:-1","max-image-preview":"max-image-preview:large","max-video-preview":"max-video-preview:-1"},"canonical":"https:\/\/mapesol.fr\/en\/actualites\/","og_locale":"en_US","og_type":"article","og_title":"News et actualit\u00e9s Mapesol - P\u00e9n\u00e9trom\u00e8tre, acquisition, logiciel et mat\u00e9riel","og_description":"Retrouvez toute notre actualit\u00e9 et nouveaut\u00e9s sur notre page, sortie des nouvelles versions de nos logiciels et \u00e9volution de nos syst\u00e8mes d'acquisition.","og_url":"https:\/\/mapesol.fr\/en\/actualites\/","og_site_name":"Mapesol","article_modified_time":"2018-09-10T17:56:05+00:00","twitter_card":"summary_large_image","twitter_misc":{"Est. reading time":"3 minutes"},"schema":{"@context":"https:\/\/schema.org","@graph":[{"@type":"WebPage","@id":"https:\/\/mapesol.fr\/en\/actualites\/","url":"https:\/\/mapesol.fr\/en\/actualites\/","name":"News et actualit\u00e9s Mapesol - P\u00e9n\u00e9trom\u00e8tre, acquisition, logiciel et mat\u00e9riel","isPartOf":{"@id":"https:\/\/mapesol.fr\/#website"},"datePublished":"2017-03-15T11:36:06+00:00","dateModified":"2018-09-10T17:56:05+00:00","description":"Retrouvez toute notre actualit\u00e9 et nouveaut\u00e9s sur notre page, sortie des nouvelles versions de nos logiciels et \u00e9volution de nos syst\u00e8mes d'acquisition.","breadcrumb":{"@id":"https:\/\/mapesol.fr\/en\/actualites\/#breadcrumb"},"inLanguage":"en-US","potentialAction":[{"@type":"ReadAction","target":["https:\/\/mapesol.fr\/en\/actualites\/"]}]},{"@type":"BreadcrumbList","@id":"https:\/\/mapesol.fr\/en\/actualites\/#breadcrumb","itemListElement":[{"@type":"ListItem","position":1,"name":"Accueil","item":"https:\/\/mapesol.fr\/en\/"},{"@type":"ListItem","position":2,"name":"News"}]},{"@type":"WebSite","@id":"https:\/\/mapesol.fr\/#website","url":"https:\/\/mapesol.fr\/","name":"Mapesol","description":false,"potentialAction":[{"@type":"SearchAction","target":{"@type":"EntryPoint","urlTemplate":"https:\/\/mapesol.fr\/?s={search_term_string}"},"query-input":{"@type":"PropertyValueSpecification","valueRequired":true,"valueName":"search_term_string"}}],"inLanguage":"en-US"}]}},"_links":{"self":[{"href":"https:\/\/mapesol.fr\/en\/wp-json\/wp\/v2\/pages\/1892"}],"collection":[{"href":"https:\/\/mapesol.fr\/en\/wp-json\/wp\/v2\/pages"}],"about":[{"href":"https:\/\/mapesol.fr\/en\/wp-json\/wp\/v2\/types\/page"}],"author":[{"embeddable":true,"href":"https:\/\/mapesol.fr\/en\/wp-json\/wp\/v2\/users\/1"}],"replies":[{"embeddable":true,"href":"https:\/\/mapesol.fr\/en\/wp-json\/wp\/v2\/comments?post=1892"}],"version-history":[{"count":17,"href":"https:\/\/mapesol.fr\/en\/wp-json\/wp\/v2\/pages\/1892\/revisions"}],"predecessor-version":[{"id":2096,"href":"https:\/\/mapesol.fr\/en\/wp-json\/wp\/v2\/pages\/1892\/revisions\/2096"}],"wp:attachment":[{"href":"https:\/\/mapesol.fr\/en\/wp-json\/wp\/v2\/media?parent=1892"}],"curies":[{"name":"wp","href":"https:\/\/api.w.org\/{rel}","templated":true}]}}