{"id":2505,"date":"2020-06-18T10:25:14","date_gmt":"2020-06-18T09:25:14","guid":{"rendered":"http:\/\/mapesol.fr\/en\/sondeuse-penetrometre-map90\/"},"modified":"2022-04-19T17:38:56","modified_gmt":"2022-04-19T16:38:56","slug":"sondeuse-penetrometre-map90","status":"publish","type":"page","link":"https:\/\/mapesol.fr\/en\/sondeuse-penetrometre-map90\/","title":{"rendered":"MAP90"},"content":{"rendered":"[vc_row row_type=&#8221;row&#8221; text_align=&#8221;left&#8221; css_animation=&#8221;&#8221; css=&#8221;.vc_custom_1487026549554{margin-top: 30px !important;}&#8221;][vc_column][layerslider_vc id=&#8221;42&#8243;][\/vc_column][\/vc_row][vc_row row_type=&#8221;row&#8221; text_align=&#8221;left&#8221; css_animation=&#8221;&#8221;][vc_column][vc_empty_space height=&#8221;80&#8243;][\/vc_column][\/vc_row][vc_row row_type=&#8221;row&#8221; text_align=&#8221;left&#8221; css_animation=&#8221;&#8221;][vc_column width=&#8221;1\/2&#8243;][vc_single_image image=&#8221;2509&#8243; img_size=&#8221;full&#8221; onclick=&#8221;custom_link&#8221; img_link_target=&#8221;_blank&#8221; link=&#8221;http:\/\/www.mapesol.fr\/fiche-technique\/sondeuse-penetrometre-map90-en.pdf&#8221;][\/vc_column][vc_column width=&#8221;1\/2&#8243;][vc_video link=&#8221;https:\/\/www.youtube.com\/watch?v=CI3q4oC5oF0&#8243; align=&#8221;center&#8221;][\/vc_column][\/vc_row][vc_row row_type=&#8221;row&#8221; text_align=&#8221;left&#8221; css_animation=&#8221;&#8221;][vc_column][vc_empty_space height=&#8221;50&#8243;][\/vc_column][\/vc_row][vc_row row_type=&#8221;row&#8221; text_align=&#8221;left&#8221; css_animation=&#8221;&#8221;][vc_column width=&#8221;1\/2&#8243;][vc_column_text css=&#8221;.vc_custom_1601025019594{margin-bottom: 10px !important;}&#8221;]Drilling rig equipped with a rotating head for auger drilling and a dynamic penetrometer. Design for no handling (assembly \/ disassembly of components) to switch from one mode to the other (penetrometer \/ auger). A hydraulic machine equipped with a two-cylinder 20.8HP HONDA engine. Mounted on hydrostatic tracks.<\/p>\n<p>&nbsp;<\/p>\n<p><span style=\"color: #ff0000;\">Option: MSbox system for the recording of penetrometer settings (compaction control in accordance with NF P 94 063).<\/span>[\/vc_column_text][vc_empty_space height=&#8221;30&#8243;][vc_single_image image=&#8221;2377&#8243; img_size=&#8221;full&#8221;][\/vc_column][vc_column width=&#8221;1\/2&#8243;][vc_single_image image=&#8221;2340&#8243; img_size=&#8221;full&#8221;][\/vc_column][\/vc_row][vc_row row_type=&#8221;row&#8221; text_align=&#8221;left&#8221; css_animation=&#8221;&#8221;][vc_column][vc_empty_space height=&#8221;90px&#8221;][\/vc_column][\/vc_row][vc_row row_type=&#8221;row&#8221; text_align=&#8221;left&#8221; css_animation=&#8221;&#8221;][vc_column width=&#8221;1\/3&#8243;][vc_empty_space height=&#8221;70&#8243;][vc_column_text css=&#8221;.vc_custom_1601025494449{margin-top: 50px !important;margin-bottom: 10px !important;}&#8221;]\n<h1><span style=\"color: #008299;\"><strong>Drilling<\/strong><\/span><\/h1>\n[\/vc_column_text][vc_column_text css=&#8221;.vc_custom_1601025256973{margin-bottom: 10px !important;}&#8221;]Rotation head equipped with a 21, 29 or 41-mm<span class=\"Apple-converted-space\">\u00a0<\/span><\/p>\n<p>hexagonal female socket with the following<span class=\"Apple-converted-space\">\u00a0<\/span><\/p>\n<p>technical specifications:<\/p>\n<p><b>\u2013 Stroke of 1200mm<\/b><\/p>\n<p><b>\u2013 Torque of 130daNm<\/b><\/p>\n<p><b>\u2013 Rotation speed of 0 to 80rpm<\/b><\/p>\n<p><b>\u2013 Traction force of 2000daN.<\/b>[\/vc_column_text][\/vc_column][vc_column width=&#8221;1\/3&#8243;][vc_single_image image=&#8221;2369&#8243; img_size=&#8221;full&#8221;][\/vc_column][vc_column width=&#8221;1\/3&#8243;][vc_single_image image=&#8221;2355&#8243; img_size=&#8221;full&#8221;][\/vc_column][\/vc_row][vc_row row_type=&#8221;row&#8221; text_align=&#8221;left&#8221; css_animation=&#8221;&#8221;][vc_column][vc_empty_space height=&#8221;70px&#8221;][\/vc_column][\/vc_row][vc_row row_type=&#8221;row&#8221; text_align=&#8221;left&#8221; css_animation=&#8221;&#8221;][vc_column width=&#8221;2\/3&#8243;][vc_empty_space height=&#8221;70&#8243;][vc_column_text css=&#8221;.vc_custom_1601025513541{margin-top: 100px !important;margin-bottom: 10px !important;}&#8221;]\n<h1><span style=\"color: #008299;\"><strong>Penetrometer<\/strong><\/span><\/h1>\n[\/vc_column_text][vc_column_text css=&#8221;.vc_custom_1601025334575{margin-bottom: 10px !important;}&#8221;]An entirely mechanical dynamic hammering system with a simple design that complies with the NF P 22476-2 standard. Its versatility enables several weight and drop height configurations: DPL (10 kg \/ 50 cm), DPM (30 kg \/ 50 cm), DPH (50 kg \/ 50 cm), DPSH-B (63.5 kg \/ 75 cm).<span class=\"Apple-converted-space\">\u00a0<\/span><\/p>\n<p>Its characteristics also meet the specifications for SPT tests.<span class=\"Apple-converted-space\">\u00a0<\/span><\/p>\n<p>Associated with our Msbox data acquisition system, this unit enables compaction control tests in accordance with the NF P94 063 standard.[\/vc_column_text][\/vc_column][vc_column width=&#8221;1\/3&#8243;][vc_single_image image=&#8221;2328&#8243; img_size=&#8221;full&#8221; css=&#8221;.vc_custom_1592472844578{margin-left: 30px !important;}&#8221;][\/vc_column][\/vc_row][vc_row row_type=&#8221;row&#8221; text_align=&#8221;left&#8221; css_animation=&#8221;&#8221;][vc_column width=&#8221;1\/4&#8243;][vc_empty_space height=&#8221;90&#8243;][vc_single_image image=&#8221;2240&#8243; img_size=&#8221;full&#8221; onclick=&#8221;custom_link&#8221; img_link_target=&#8221;_blank&#8221; link=&#8221;http:\/\/mapesol.fr\/wp-content\/uploads\/2019\/06\/boitier-msboxv2.png&#8221;][\/vc_column][vc_column width=&#8221;3\/4&#8243;][vc_empty_space height=&#8221;100&#8243;][vc_column_text css=&#8221;.vc_custom_1601025531627{margin-top: 100px !important;margin-bottom: 10px !important;}&#8221;]\n<h1><span style=\"color: #008299;\">MSbox V2, Data acquisition unit for dynamic penetrometers<\/span><\/h1>\n[\/vc_column_text][vc_column_text css=&#8221;.vc_custom_1601025591516{margin-bottom: 10px !important;}&#8221;]\n<p style=\"text-align: justify;\">MSboxV2, data acquisition unit for dynamic penetrometers specially developed to be used on a penetrometer. Its design is a direct result of client feedback and the latest embedded equipment technologies. This development notably resulted in a data acquisition unit equipped with optimised operation software for use with context buttons to avoid touch-screen technology that is highly unsuitable for the environments in which penetrometers are used. The unit is equipped with GPS technology to geolocate each test, Wi-Fi to send data, a standard micro USB port (data transfers, updates, battery charging) and an integrated camera for taking photographs. The 7\u2033 inch colour screen gives a live view of the penetrograms and the reference curves. The MSboxV2 calculates and accounts for the anomaly type coming from the NF P 94 063 compaction control standard.<\/p>\n[\/vc_column_text][\/vc_column][\/vc_row][vc_row row_type=&#8221;row&#8221; text_align=&#8221;left&#8221; css_animation=&#8221;&#8221;][vc_column][vc_empty_space height=&#8221;50px&#8221;][\/vc_column][\/vc_row][vc_row row_type=&#8221;row&#8221; text_align=&#8221;left&#8221; css_animation=&#8221;&#8221;][vc_column width=&#8221;1\/6&#8243;][vc_single_image image=&#8221;2247&#8243; img_size=&#8221;large&#8221; alignment=&#8221;center&#8221;][vc_column_text]\n<p style=\"text-align: center;\">Waterproof unit with a 7-inch colour screen.<\/p>\n[\/vc_column_text][\/vc_column][vc_column width=&#8221;1\/6&#8243;][vc_single_image image=&#8221;2248&#8243; img_size=&#8221;large&#8221; alignment=&#8221;center&#8221;][vc_column_text]\n<p style=\"text-align: center;\">Full keyboard with context buttons<\/p>\n[\/vc_column_text][\/vc_column][vc_column width=&#8221;1\/6&#8243;][vc_single_image image=&#8221;2249&#8243; img_size=&#8221;large&#8221; alignment=&#8221;center&#8221;][vc_column_text]\n<p style=\"text-align: center;\">Integrated GPS<\/p>\n[\/vc_column_text][\/vc_column][vc_column width=&#8221;1\/6&#8243;][vc_single_image image=&#8221;2251&#8243; img_size=&#8221;large&#8221; alignment=&#8221;center&#8221;][vc_column_text]\n<p style=\"text-align: center;\">Integrated camera<\/p>\n[\/vc_column_text][\/vc_column][vc_column width=&#8221;1\/6&#8243;][vc_single_image image=&#8221;2252&#8243; img_size=&#8221;large&#8221; alignment=&#8221;center&#8221;][vc_column_text]\n<p style=\"text-align: center;\">Standard micro USB port<\/p>\n[\/vc_column_text][\/vc_column][\/vc_row][vc_row row_type=&#8221;row&#8221; text_align=&#8221;left&#8221; css_animation=&#8221;&#8221;][vc_column][vc_empty_space height=&#8221;25&#8243;][\/vc_column][\/vc_row][vc_row row_type=&#8221;row&#8221; text_align=&#8221;left&#8221; css_animation=&#8221;&#8221;][vc_column][vc_column_text css=&#8221;.vc_custom_1601025791116{margin-top: 32px !important;margin-bottom: 10px !important;}&#8221;]\n<hr \/>\n<div><span style=\"color: #000000;\">The device has an internal battery for total autonomy. This new unit can be installed instead of the previous systems.<\/span><\/div>\n<hr \/>\n[\/vc_column_text][vc_empty_space][\/vc_column][\/vc_row][vc_row row_type=&#8221;row&#8221; text_align=&#8221;left&#8221; css_animation=&#8221;&#8221;][vc_column]<div class='q_call_to_action normal' style='background-color: #f4f4f4;'><div class='two_columns_75_25 clearfix'><div class='column1'><div class='column_inner'>\n<h2>Delivered with MSlog software for the processing and drawing up of reports on a computer.<\/h2>\n<\/div><\/div><div class='column2'><div class='column_inner'><a class='qbutton tiny' href='http:\/\/mapesol.fr\/en\/mslog\/' target='' style=' background-color: #0083ab;'>Consultez MSlog<\/a><\/div><\/div><\/div><\/div>[\/vc_column][\/vc_row][vc_row row_type=&#8221;row&#8221; text_align=&#8221;left&#8221; css_animation=&#8221;&#8221;][vc_column][vc_empty_space height=&#8221;50&#8243;][layerslider_vc id=&#8221;7&#8243;][\/vc_column][\/vc_row][vc_row row_type=&#8221;row&#8221; text_align=&#8221;left&#8221; css_animation=&#8221;&#8221;][vc_column][\/vc_column][\/vc_row]\n","protected":false},"excerpt":{"rendered":"<p>[vc_row row_type=&#8221;row&#8221; text_align=&#8221;left&#8221; css_animation=&#8221;&#8221; css=&#8221;.vc_custom_1487026549554{margin-top: 30px !important;}&#8221;][vc_column][layerslider_vc id=&#8221;42&#8243;][\/vc_column][\/vc_row][vc_row row_type=&#8221;row&#8221; text_align=&#8221;left&#8221; css_animation=&#8221;&#8221;][vc_column][vc_empty_space height=&#8221;80&#8243;][\/vc_column][\/vc_row][vc_row row_type=&#8221;row&#8221; text_align=&#8221;left&#8221; css_animation=&#8221;&#8221;][vc_column width=&#8221;1\/2&#8243;][vc_single_image image=&#8221;2509&#8243; img_size=&#8221;full&#8221; onclick=&#8221;custom_link&#8221; img_link_target=&#8221;_blank&#8221; link=&#8221;http:\/\/www.mapesol.fr\/fiche-technique\/sondeuse-penetrometre-map90-en.pdf&#8221;][\/vc_column][vc_column width=&#8221;1\/2&#8243;][vc_video link=&#8221;https:\/\/www.youtube.com\/watch?v=CI3q4oC5oF0&#8243; align=&#8221;center&#8221;][\/vc_column][\/vc_row][vc_row row_type=&#8221;row&#8221; text_align=&#8221;left&#8221; css_animation=&#8221;&#8221;][vc_column][vc_empty_space height=&#8221;50&#8243;][\/vc_column][\/vc_row][vc_row row_type=&#8221;row&#8221; text_align=&#8221;left&#8221; css_animation=&#8221;&#8221;][vc_column width=&#8221;1\/2&#8243;][vc_column_text css=&#8221;.vc_custom_1601025019594{margin-bottom: 10px !important;}&#8221;]Drilling rig equipped with a rotating&#8230;<\/p>\n","protected":false},"author":1,"featured_media":0,"parent":0,"menu_order":0,"comment_status":"closed","ping_status":"closed","template":"","meta":{"footnotes":""},"yoast_head":"<!-- This site is optimized with the Yoast SEO plugin v23.5 - https:\/\/yoast.com\/wordpress\/plugins\/seo\/ -->\n<title>Sondeuse p\u00e9n\u00e9trom\u00e8tre sur chenilles MAP90 Mapesol<\/title>\n<meta name=\"description\" content=\"Sondeuse \u00e9quip\u00e9e d\u2019une t\u00eate de rotation pour forage \u00e0 la tari\u00e8re et d\u2019un p\u00e9n\u00e9trom\u00e8tre dynamique\" \/>\n<meta name=\"robots\" content=\"index, follow, max-snippet:-1, max-image-preview:large, max-video-preview:-1\" \/>\n<link rel=\"canonical\" href=\"https:\/\/mapesol.fr\/en\/sondeuse-penetrometre-map90\/\" \/>\n<meta property=\"og:locale\" content=\"en_US\" \/>\n<meta property=\"og:type\" content=\"article\" \/>\n<meta property=\"og:title\" content=\"Sondeuse p\u00e9n\u00e9trom\u00e8tre sur chenilles MAP90 Mapesol\" \/>\n<meta property=\"og:description\" content=\"Sondeuse \u00e9quip\u00e9e d\u2019une t\u00eate de rotation pour forage \u00e0 la tari\u00e8re et d\u2019un p\u00e9n\u00e9trom\u00e8tre dynamique\" \/>\n<meta property=\"og:url\" content=\"https:\/\/mapesol.fr\/en\/sondeuse-penetrometre-map90\/\" \/>\n<meta property=\"og:site_name\" content=\"Mapesol\" \/>\n<meta property=\"article:modified_time\" content=\"2022-04-19T16:38:56+00:00\" \/>\n<meta name=\"twitter:card\" content=\"summary_large_image\" \/>\n<meta name=\"twitter:label1\" content=\"Est. reading time\" \/>\n\t<meta name=\"twitter:data1\" content=\"5 minutes\" \/>\n<script type=\"application\/ld+json\" class=\"yoast-schema-graph\">{\"@context\":\"https:\/\/schema.org\",\"@graph\":[{\"@type\":\"WebPage\",\"@id\":\"https:\/\/mapesol.fr\/en\/sondeuse-penetrometre-map90\/\",\"url\":\"https:\/\/mapesol.fr\/en\/sondeuse-penetrometre-map90\/\",\"name\":\"Sondeuse p\u00e9n\u00e9trom\u00e8tre sur chenilles MAP90 Mapesol\",\"isPartOf\":{\"@id\":\"https:\/\/mapesol.fr\/#website\"},\"datePublished\":\"2020-06-18T09:25:14+00:00\",\"dateModified\":\"2022-04-19T16:38:56+00:00\",\"description\":\"Sondeuse \u00e9quip\u00e9e d\u2019une t\u00eate de rotation pour forage \u00e0 la tari\u00e8re et d\u2019un p\u00e9n\u00e9trom\u00e8tre dynamique\",\"breadcrumb\":{\"@id\":\"https:\/\/mapesol.fr\/en\/sondeuse-penetrometre-map90\/#breadcrumb\"},\"inLanguage\":\"en-US\",\"potentialAction\":[{\"@type\":\"ReadAction\",\"target\":[\"https:\/\/mapesol.fr\/en\/sondeuse-penetrometre-map90\/\"]}]},{\"@type\":\"BreadcrumbList\",\"@id\":\"https:\/\/mapesol.fr\/en\/sondeuse-penetrometre-map90\/#breadcrumb\",\"itemListElement\":[{\"@type\":\"ListItem\",\"position\":1,\"name\":\"Accueil\",\"item\":\"https:\/\/mapesol.fr\/en\/\"},{\"@type\":\"ListItem\",\"position\":2,\"name\":\"MAP90\"}]},{\"@type\":\"WebSite\",\"@id\":\"https:\/\/mapesol.fr\/#website\",\"url\":\"https:\/\/mapesol.fr\/\",\"name\":\"Mapesol\",\"description\":false,\"potentialAction\":[{\"@type\":\"SearchAction\",\"target\":{\"@type\":\"EntryPoint\",\"urlTemplate\":\"https:\/\/mapesol.fr\/?s={search_term_string}\"},\"query-input\":{\"@type\":\"PropertyValueSpecification\",\"valueRequired\":true,\"valueName\":\"search_term_string\"}}],\"inLanguage\":\"en-US\"}]}<\/script>\n<!-- \/ Yoast SEO plugin. -->","yoast_head_json":{"title":"Sondeuse p\u00e9n\u00e9trom\u00e8tre sur chenilles MAP90 Mapesol","description":"Sondeuse \u00e9quip\u00e9e d\u2019une t\u00eate de rotation pour forage \u00e0 la tari\u00e8re et d\u2019un p\u00e9n\u00e9trom\u00e8tre dynamique","robots":{"index":"index","follow":"follow","max-snippet":"max-snippet:-1","max-image-preview":"max-image-preview:large","max-video-preview":"max-video-preview:-1"},"canonical":"https:\/\/mapesol.fr\/en\/sondeuse-penetrometre-map90\/","og_locale":"en_US","og_type":"article","og_title":"Sondeuse p\u00e9n\u00e9trom\u00e8tre sur chenilles MAP90 Mapesol","og_description":"Sondeuse \u00e9quip\u00e9e d\u2019une t\u00eate de rotation pour forage \u00e0 la tari\u00e8re et d\u2019un p\u00e9n\u00e9trom\u00e8tre dynamique","og_url":"https:\/\/mapesol.fr\/en\/sondeuse-penetrometre-map90\/","og_site_name":"Mapesol","article_modified_time":"2022-04-19T16:38:56+00:00","twitter_card":"summary_large_image","twitter_misc":{"Est. reading time":"5 minutes"},"schema":{"@context":"https:\/\/schema.org","@graph":[{"@type":"WebPage","@id":"https:\/\/mapesol.fr\/en\/sondeuse-penetrometre-map90\/","url":"https:\/\/mapesol.fr\/en\/sondeuse-penetrometre-map90\/","name":"Sondeuse p\u00e9n\u00e9trom\u00e8tre sur chenilles MAP90 Mapesol","isPartOf":{"@id":"https:\/\/mapesol.fr\/#website"},"datePublished":"2020-06-18T09:25:14+00:00","dateModified":"2022-04-19T16:38:56+00:00","description":"Sondeuse \u00e9quip\u00e9e d\u2019une t\u00eate de rotation pour forage \u00e0 la tari\u00e8re et d\u2019un p\u00e9n\u00e9trom\u00e8tre dynamique","breadcrumb":{"@id":"https:\/\/mapesol.fr\/en\/sondeuse-penetrometre-map90\/#breadcrumb"},"inLanguage":"en-US","potentialAction":[{"@type":"ReadAction","target":["https:\/\/mapesol.fr\/en\/sondeuse-penetrometre-map90\/"]}]},{"@type":"BreadcrumbList","@id":"https:\/\/mapesol.fr\/en\/sondeuse-penetrometre-map90\/#breadcrumb","itemListElement":[{"@type":"ListItem","position":1,"name":"Accueil","item":"https:\/\/mapesol.fr\/en\/"},{"@type":"ListItem","position":2,"name":"MAP90"}]},{"@type":"WebSite","@id":"https:\/\/mapesol.fr\/#website","url":"https:\/\/mapesol.fr\/","name":"Mapesol","description":false,"potentialAction":[{"@type":"SearchAction","target":{"@type":"EntryPoint","urlTemplate":"https:\/\/mapesol.fr\/?s={search_term_string}"},"query-input":{"@type":"PropertyValueSpecification","valueRequired":true,"valueName":"search_term_string"}}],"inLanguage":"en-US"}]}},"_links":{"self":[{"href":"https:\/\/mapesol.fr\/en\/wp-json\/wp\/v2\/pages\/2505"}],"collection":[{"href":"https:\/\/mapesol.fr\/en\/wp-json\/wp\/v2\/pages"}],"about":[{"href":"https:\/\/mapesol.fr\/en\/wp-json\/wp\/v2\/types\/page"}],"author":[{"embeddable":true,"href":"https:\/\/mapesol.fr\/en\/wp-json\/wp\/v2\/users\/1"}],"replies":[{"embeddable":true,"href":"https:\/\/mapesol.fr\/en\/wp-json\/wp\/v2\/comments?post=2505"}],"version-history":[{"count":19,"href":"https:\/\/mapesol.fr\/en\/wp-json\/wp\/v2\/pages\/2505\/revisions"}],"predecessor-version":[{"id":2614,"href":"https:\/\/mapesol.fr\/en\/wp-json\/wp\/v2\/pages\/2505\/revisions\/2614"}],"wp:attachment":[{"href":"https:\/\/mapesol.fr\/en\/wp-json\/wp\/v2\/media?parent=2505"}],"curies":[{"name":"wp","href":"https:\/\/api.w.org\/{rel}","templated":true}]}}