{"id":2631,"date":"2022-04-25T17:07:57","date_gmt":"2022-04-25T16:07:57","guid":{"rendered":"http:\/\/mapesol.fr\/en\/penetrometre-dynamique-sur-chenilles-map80\/"},"modified":"2022-04-26T18:22:58","modified_gmt":"2022-04-26T17:22:58","slug":"map80","status":"publish","type":"page","link":"https:\/\/mapesol.fr\/en\/map80\/","title":{"rendered":"MAP80"},"content":{"rendered":"[vc_row row_type=&#8221;row&#8221; text_align=&#8221;left&#8221; css_animation=&#8221;&#8221; css=&#8221;.vc_custom_1487026549554{margin-top: 30px !important;}&#8221;][vc_column][layerslider_vc id=&#8221;44&#8243;][\/vc_column][\/vc_row][vc_row row_type=&#8221;row&#8221; text_align=&#8221;left&#8221; css_animation=&#8221;&#8221;][vc_column][vc_empty_space height=&#8221;80&#8243;][\/vc_column][\/vc_row][vc_row row_type=&#8221;row&#8221; text_align=&#8221;left&#8221; css_animation=&#8221;&#8221;][vc_column width=&#8221;1\/2&#8243;][vc_video link=&#8221;https:\/\/youtu.be\/PnEHaN4RXH8&#8243; align=&#8221;center&#8221;][\/vc_column][vc_column width=&#8221;1\/2&#8243;][vc_empty_space height=&#8221;100&#8243;][vc_single_image image=&#8221;2632&#8243; img_size=&#8221;full&#8221; onclick=&#8221;custom_link&#8221; img_link_target=&#8221;_blank&#8221; link=&#8221;http:\/\/www.mapesol.fr\/fiche-technique\/map80-en.pdf&#8221;][\/vc_column][\/vc_row][vc_row row_type=&#8221;row&#8221; text_align=&#8221;left&#8221; css_animation=&#8221;&#8221;][vc_column][vc_empty_space height=&#8221;50&#8243;][\/vc_column][\/vc_row][vc_row row_type=&#8221;row&#8221; text_align=&#8221;left&#8221; css_animation=&#8221;&#8221;][vc_column width=&#8221;1\/2&#8243;][vc_column_text css=&#8221;.vc_custom_1650991782364{margin-bottom: 10px !important;}&#8221;]The MAP80 is a tracked constant energy dynamic penetrometer. This is a hydraulic machine equipped with a 11.4ch HONDA engine with electric starting. The MAP80 is equipped entirely with hydraulic mast adjustment. Its simple design makes it a very reliable machine which is easy to maintain. The adjustable dynamic probing system enables testing in DPL, DPM, DPH DPSH-A configuration, in accordance with the NF P 22476-2 standard. This device is also frequently used in SPT configuration with a dropping mass drop height of 75cm.<\/p>\n<p>&nbsp;<\/p>\n<p><span style=\"color: #ff0000;\"><i>Option: MSbox system for the recording of penetrometer settings (compaction control in accordance with NF P 94 063).<\/i><\/span>[\/vc_column_text][vc_empty_space height=&#8221;30&#8243;][vc_single_image image=&#8221;2597&#8243; img_size=&#8221;full&#8221;][\/vc_column][vc_column width=&#8221;1\/2&#8243;][vc_single_image image=&#8221;2595&#8243; img_size=&#8221;full&#8221;][\/vc_column][\/vc_row][vc_row row_type=&#8221;row&#8221; text_align=&#8221;left&#8221; css_animation=&#8221;&#8221;][vc_column][vc_empty_space height=&#8221;90px&#8221;][\/vc_column][\/vc_row][vc_row row_type=&#8221;row&#8221; text_align=&#8221;left&#8221; css_animation=&#8221;&#8221;][vc_column width=&#8221;1\/3&#8243;][vc_single_image image=&#8221;2601&#8243; img_size=&#8221;full&#8221;][\/vc_column][vc_column width=&#8221;1\/3&#8243;][vc_single_image image=&#8221;2600&#8243; img_size=&#8221;full&#8221;][\/vc_column][vc_column width=&#8221;1\/3&#8243;][vc_single_image image=&#8221;2599&#8243; img_size=&#8221;full&#8221;][\/vc_column][\/vc_row][vc_row row_type=&#8221;row&#8221; text_align=&#8221;left&#8221; css_animation=&#8221;&#8221;][vc_column][vc_empty_space height=&#8221;50px&#8221;][\/vc_column][\/vc_row][vc_row row_type=&#8221;row&#8221; text_align=&#8221;left&#8221; css_animation=&#8221;&#8221;][vc_column][vc_column_text css=&#8221;.vc_custom_1650991880293{margin-bottom: 10px !important;}&#8221;]\n<div>The design of this new model brings more comfort and security to the operator: removal\u00a0of the manual wrench to link the hammer and the chain, removal of the cable pin, and a protection cage 23% smaller!<\/div>\n<div>This new model is now lower to improve\u00a0the stability and to be carried in a low small truck.<\/div>\n[\/vc_column_text][\/vc_column][\/vc_row][vc_row row_type=&#8221;row&#8221; text_align=&#8221;left&#8221; css_animation=&#8221;&#8221;][vc_column width=&#8221;1\/4&#8243;][vc_empty_space height=&#8221;90&#8243;][vc_single_image image=&#8221;2240&#8243; img_size=&#8221;full&#8221; onclick=&#8221;custom_link&#8221; img_link_target=&#8221;_blank&#8221; link=&#8221;http:\/\/mapesol.fr\/wp-content\/uploads\/2019\/06\/boitier-msboxv2.png&#8221;][\/vc_column][vc_column width=&#8221;3\/4&#8243;][vc_empty_space height=&#8221;100&#8243;][vc_column_text css=&#8221;.vc_custom_1650992166515{margin-bottom: 10px !important;}&#8221;]\n<h1><span style=\"color: #0083ab;\">MSbox V2, data\u00a0acquisition unit for dynamic\u00a0penetrometers<\/span><\/h1>\n[\/vc_column_text][vc_column_text css=&#8221;.vc_custom_1650992031388{margin-bottom: 10px !important;}&#8221;]\n<p style=\"text-align: justify;\"><span style=\"color: #000000;\">MSboxV2, data acquisition unit for dynamic penetrometers specially developed to be used on a penetrometer. Its design is a direct result of client feedback and the latest embedded equipment technologies. This development notably resulted in a data acquisition unit equipped with optimised operation software for use with context buttons to avoid touch-screen technology that is highly unsuitable for the environments in which penetrometers are used. The unit is equipped with GPS technology to geolocate each test, a standard micro USB port (data transfers, updates, battery charging) and an integrated camera for taking photographs. The 7\u2033 inch colour screen gives a live view of the penetrograms and the reference curves. The MSboxV2 calculates and accounts for the anomaly type coming from the NF P 94 063 compaction control standard.<\/span><\/p>\n[\/vc_column_text][\/vc_column][\/vc_row][vc_row row_type=&#8221;row&#8221; text_align=&#8221;left&#8221; css_animation=&#8221;&#8221;][vc_column][vc_empty_space height=&#8221;50px&#8221;][\/vc_column][\/vc_row][vc_row row_type=&#8221;row&#8221; text_align=&#8221;left&#8221; css_animation=&#8221;&#8221;][vc_column width=&#8221;1\/6&#8243;][vc_single_image image=&#8221;2247&#8243; img_size=&#8221;large&#8221; alignment=&#8221;center&#8221;][vc_column_text]\n<p style=\"text-align: center;\">Waterproof unit with a 7-inch colour screen.<\/p>\n[\/vc_column_text][\/vc_column][vc_column width=&#8221;1\/6&#8243;][vc_single_image image=&#8221;2248&#8243; img_size=&#8221;large&#8221; alignment=&#8221;center&#8221;][vc_column_text]\n<p style=\"text-align: center;\">Full keyboard with context buttons<\/p>\n[\/vc_column_text][\/vc_column][vc_column width=&#8221;1\/6&#8243;][vc_single_image image=&#8221;2249&#8243; img_size=&#8221;large&#8221; alignment=&#8221;center&#8221;][vc_column_text]\n<p style=\"text-align: center;\">Integrated GPS<\/p>\n[\/vc_column_text][\/vc_column][vc_column width=&#8221;1\/6&#8243;][vc_single_image image=&#8221;2251&#8243; img_size=&#8221;large&#8221; alignment=&#8221;center&#8221;][vc_column_text]\n<p style=\"text-align: center;\">Integrated camera<\/p>\n[\/vc_column_text][\/vc_column][vc_column width=&#8221;1\/6&#8243;][vc_single_image image=&#8221;2252&#8243; img_size=&#8221;large&#8221; alignment=&#8221;center&#8221;][vc_column_text]\n<p style=\"text-align: center;\">Standard micro USB port<\/p>\n[\/vc_column_text][\/vc_column][\/vc_row][vc_row row_type=&#8221;row&#8221; text_align=&#8221;left&#8221; css_animation=&#8221;&#8221;][vc_column][vc_empty_space height=&#8221;25&#8243;][\/vc_column][\/vc_row][vc_row row_type=&#8221;row&#8221; text_align=&#8221;left&#8221; css_animation=&#8221;&#8221;][vc_column][vc_column_text css=&#8221;.vc_custom_1650992307476{margin-top: 32px !important;margin-bottom: 10px !important;}&#8221;]\n<hr \/>\n<div><span style=\"color: #000000;\">The device has an internal battery for total autonomy. This new unit can be installed instead of the previous systems.<\/span><\/div>\n<hr \/>\n[\/vc_column_text][vc_empty_space][\/vc_column][\/vc_row][vc_row row_type=&#8221;row&#8221; text_align=&#8221;left&#8221; css_animation=&#8221;&#8221;][vc_column]<div class='q_call_to_action normal' style='background-color: #f4f4f4;'><div class='two_columns_75_25 clearfix'><div class='column1'><div class='column_inner'>\n<h2>Delivered with MSlog software for the processing and drawing up of reports on a computer.<\/h2>\n<\/div><\/div><div class='column2'><div class='column_inner'><a class='qbutton tiny' href='http:\/\/mapesol.fr\/en\/mslog\/' target='' style=' background-color: #0083ab;'>Consultez MSlog<\/a><\/div><\/div><\/div><\/div>[\/vc_column][\/vc_row][vc_row row_type=&#8221;row&#8221; text_align=&#8221;left&#8221; css_animation=&#8221;&#8221;][vc_column][vc_empty_space height=&#8221;50&#8243;][layerslider_vc id=&#8221;7&#8243;][\/vc_column][\/vc_row]\n","protected":false},"excerpt":{"rendered":"<p>[vc_row row_type=&#8221;row&#8221; text_align=&#8221;left&#8221; css_animation=&#8221;&#8221; css=&#8221;.vc_custom_1487026549554{margin-top: 30px !important;}&#8221;][vc_column][layerslider_vc id=&#8221;44&#8243;][\/vc_column][\/vc_row][vc_row row_type=&#8221;row&#8221; text_align=&#8221;left&#8221; css_animation=&#8221;&#8221;][vc_column][vc_empty_space height=&#8221;80&#8243;][\/vc_column][\/vc_row][vc_row row_type=&#8221;row&#8221; text_align=&#8221;left&#8221; css_animation=&#8221;&#8221;][vc_column width=&#8221;1\/2&#8243;][vc_video link=&#8221;https:\/\/youtu.be\/PnEHaN4RXH8&#8243; align=&#8221;center&#8221;][\/vc_column][vc_column width=&#8221;1\/2&#8243;][vc_empty_space height=&#8221;100&#8243;][vc_single_image image=&#8221;2632&#8243; img_size=&#8221;full&#8221; onclick=&#8221;custom_link&#8221; img_link_target=&#8221;_blank&#8221; link=&#8221;http:\/\/www.mapesol.fr\/fiche-technique\/map80-en.pdf&#8221;][\/vc_column][\/vc_row][vc_row row_type=&#8221;row&#8221; text_align=&#8221;left&#8221; css_animation=&#8221;&#8221;][vc_column][vc_empty_space height=&#8221;50&#8243;][\/vc_column][\/vc_row][vc_row row_type=&#8221;row&#8221; text_align=&#8221;left&#8221; css_animation=&#8221;&#8221;][vc_column width=&#8221;1\/2&#8243;][vc_column_text css=&#8221;.vc_custom_1650991782364{margin-bottom: 10px !important;}&#8221;]The MAP80 is a tracked&#8230;<\/p>\n","protected":false},"author":1,"featured_media":0,"parent":0,"menu_order":0,"comment_status":"closed","ping_status":"closed","template":"","meta":{"footnotes":""},"yoast_head":"<!-- This site is optimized with the Yoast SEO plugin v23.5 - https:\/\/yoast.com\/wordpress\/plugins\/seo\/ -->\n<title>p\u00e9n\u00e9trom\u00e8tre dynamique sur chenilles MAP80 Mapesol<\/title>\n<meta name=\"description\" content=\"Le MAP80 est un p\u00e9n\u00e9trom\u00e8tre dynamique \u00e0 \u00e9nergie constante sur chenilles, syst\u00e8me de battage modulable en configuration DPL, DPM, DPH, DPSH-A\" \/>\n<meta name=\"robots\" content=\"index, follow, max-snippet:-1, max-image-preview:large, max-video-preview:-1\" \/>\n<link rel=\"canonical\" href=\"https:\/\/mapesol.fr\/en\/map80\/\" \/>\n<meta property=\"og:locale\" content=\"en_US\" \/>\n<meta property=\"og:type\" content=\"article\" \/>\n<meta property=\"og:title\" content=\"p\u00e9n\u00e9trom\u00e8tre dynamique sur chenilles MAP80 Mapesol\" \/>\n<meta property=\"og:description\" content=\"Le MAP80 est un p\u00e9n\u00e9trom\u00e8tre dynamique \u00e0 \u00e9nergie constante sur chenilles, syst\u00e8me de battage modulable en configuration DPL, DPM, DPH, DPSH-A\" \/>\n<meta property=\"og:url\" content=\"https:\/\/mapesol.fr\/en\/map80\/\" \/>\n<meta property=\"og:site_name\" content=\"Mapesol\" \/>\n<meta property=\"article:modified_time\" content=\"2022-04-26T17:22:58+00:00\" \/>\n<meta name=\"twitter:card\" content=\"summary_large_image\" \/>\n<meta name=\"twitter:label1\" content=\"Est. reading time\" \/>\n\t<meta name=\"twitter:data1\" content=\"5 minutes\" \/>\n<script type=\"application\/ld+json\" class=\"yoast-schema-graph\">{\"@context\":\"https:\/\/schema.org\",\"@graph\":[{\"@type\":\"WebPage\",\"@id\":\"https:\/\/mapesol.fr\/en\/map80\/\",\"url\":\"https:\/\/mapesol.fr\/en\/map80\/\",\"name\":\"p\u00e9n\u00e9trom\u00e8tre dynamique sur chenilles MAP80 Mapesol\",\"isPartOf\":{\"@id\":\"https:\/\/mapesol.fr\/#website\"},\"datePublished\":\"2022-04-25T16:07:57+00:00\",\"dateModified\":\"2022-04-26T17:22:58+00:00\",\"description\":\"Le MAP80 est un p\u00e9n\u00e9trom\u00e8tre dynamique \u00e0 \u00e9nergie constante sur chenilles, syst\u00e8me de battage modulable en configuration DPL, DPM, DPH, DPSH-A\",\"breadcrumb\":{\"@id\":\"https:\/\/mapesol.fr\/en\/map80\/#breadcrumb\"},\"inLanguage\":\"en-US\",\"potentialAction\":[{\"@type\":\"ReadAction\",\"target\":[\"https:\/\/mapesol.fr\/en\/map80\/\"]}]},{\"@type\":\"BreadcrumbList\",\"@id\":\"https:\/\/mapesol.fr\/en\/map80\/#breadcrumb\",\"itemListElement\":[{\"@type\":\"ListItem\",\"position\":1,\"name\":\"Accueil\",\"item\":\"https:\/\/mapesol.fr\/en\/\"},{\"@type\":\"ListItem\",\"position\":2,\"name\":\"MAP80\"}]},{\"@type\":\"WebSite\",\"@id\":\"https:\/\/mapesol.fr\/#website\",\"url\":\"https:\/\/mapesol.fr\/\",\"name\":\"Mapesol\",\"description\":false,\"potentialAction\":[{\"@type\":\"SearchAction\",\"target\":{\"@type\":\"EntryPoint\",\"urlTemplate\":\"https:\/\/mapesol.fr\/?s={search_term_string}\"},\"query-input\":{\"@type\":\"PropertyValueSpecification\",\"valueRequired\":true,\"valueName\":\"search_term_string\"}}],\"inLanguage\":\"en-US\"}]}<\/script>\n<!-- \/ Yoast SEO plugin. -->","yoast_head_json":{"title":"p\u00e9n\u00e9trom\u00e8tre dynamique sur chenilles MAP80 Mapesol","description":"Le MAP80 est un p\u00e9n\u00e9trom\u00e8tre dynamique \u00e0 \u00e9nergie constante sur chenilles, syst\u00e8me de battage modulable en configuration DPL, DPM, DPH, DPSH-A","robots":{"index":"index","follow":"follow","max-snippet":"max-snippet:-1","max-image-preview":"max-image-preview:large","max-video-preview":"max-video-preview:-1"},"canonical":"https:\/\/mapesol.fr\/en\/map80\/","og_locale":"en_US","og_type":"article","og_title":"p\u00e9n\u00e9trom\u00e8tre dynamique sur chenilles MAP80 Mapesol","og_description":"Le MAP80 est un p\u00e9n\u00e9trom\u00e8tre dynamique \u00e0 \u00e9nergie constante sur chenilles, syst\u00e8me de battage modulable en configuration DPL, DPM, DPH, DPSH-A","og_url":"https:\/\/mapesol.fr\/en\/map80\/","og_site_name":"Mapesol","article_modified_time":"2022-04-26T17:22:58+00:00","twitter_card":"summary_large_image","twitter_misc":{"Est. reading time":"5 minutes"},"schema":{"@context":"https:\/\/schema.org","@graph":[{"@type":"WebPage","@id":"https:\/\/mapesol.fr\/en\/map80\/","url":"https:\/\/mapesol.fr\/en\/map80\/","name":"p\u00e9n\u00e9trom\u00e8tre dynamique sur chenilles MAP80 Mapesol","isPartOf":{"@id":"https:\/\/mapesol.fr\/#website"},"datePublished":"2022-04-25T16:07:57+00:00","dateModified":"2022-04-26T17:22:58+00:00","description":"Le MAP80 est un p\u00e9n\u00e9trom\u00e8tre dynamique \u00e0 \u00e9nergie constante sur chenilles, syst\u00e8me de battage modulable en configuration DPL, DPM, DPH, DPSH-A","breadcrumb":{"@id":"https:\/\/mapesol.fr\/en\/map80\/#breadcrumb"},"inLanguage":"en-US","potentialAction":[{"@type":"ReadAction","target":["https:\/\/mapesol.fr\/en\/map80\/"]}]},{"@type":"BreadcrumbList","@id":"https:\/\/mapesol.fr\/en\/map80\/#breadcrumb","itemListElement":[{"@type":"ListItem","position":1,"name":"Accueil","item":"https:\/\/mapesol.fr\/en\/"},{"@type":"ListItem","position":2,"name":"MAP80"}]},{"@type":"WebSite","@id":"https:\/\/mapesol.fr\/#website","url":"https:\/\/mapesol.fr\/","name":"Mapesol","description":false,"potentialAction":[{"@type":"SearchAction","target":{"@type":"EntryPoint","urlTemplate":"https:\/\/mapesol.fr\/?s={search_term_string}"},"query-input":{"@type":"PropertyValueSpecification","valueRequired":true,"valueName":"search_term_string"}}],"inLanguage":"en-US"}]}},"_links":{"self":[{"href":"https:\/\/mapesol.fr\/en\/wp-json\/wp\/v2\/pages\/2631"}],"collection":[{"href":"https:\/\/mapesol.fr\/en\/wp-json\/wp\/v2\/pages"}],"about":[{"href":"https:\/\/mapesol.fr\/en\/wp-json\/wp\/v2\/types\/page"}],"author":[{"embeddable":true,"href":"https:\/\/mapesol.fr\/en\/wp-json\/wp\/v2\/users\/1"}],"replies":[{"embeddable":true,"href":"https:\/\/mapesol.fr\/en\/wp-json\/wp\/v2\/comments?post=2631"}],"version-history":[{"count":10,"href":"https:\/\/mapesol.fr\/en\/wp-json\/wp\/v2\/pages\/2631\/revisions"}],"predecessor-version":[{"id":2643,"href":"https:\/\/mapesol.fr\/en\/wp-json\/wp\/v2\/pages\/2631\/revisions\/2643"}],"wp:attachment":[{"href":"https:\/\/mapesol.fr\/en\/wp-json\/wp\/v2\/media?parent=2631"}],"curies":[{"name":"wp","href":"https:\/\/api.w.org\/{rel}","templated":true}]}}